{"id":92,"date":"2017-02-01T13:13:46","date_gmt":"2017-02-01T13:13:46","guid":{"rendered":"http:\/\/themes.muffingroup.com\/betheme\/?page_id=2"},"modified":"2023-07-13T12:25:04","modified_gmt":"2023-07-13T16:25:04","slug":"home","status":"publish","type":"page","link":"http:\/\/casadocampo.com.br\/nova\/","title":{"rendered":"Home"},"content":{"rendered":"<p>[vc_row full_width=&#8221;stretch_row_content_no_spaces&#8221; full_height=&#8221;yes&#8221; columns_placement=&#8221;top&#8221; equal_height=&#8221;yes&#8221; content_placement=&#8221;bottom&#8221; css=&#8221;.vc_custom_1575498318516{margin-top: 0px !important;margin-right: 0px !important;margin-bottom: 0px !important;margin-left: 0px !important;border-top-width: 0px !important;border-right-width: 0px !important;border-bottom-width: 0px !important;border-left-width: 0px !important;padding-top: 0px !important;padding-right: 0px !important;padding-bottom: 0px !important;padding-left: 0px !important;}&#8221;][vc_column css=&#8221;.vc_custom_1575498397629{margin-top: 0px !important;margin-right: 0px !important;margin-bottom: -25px !important;margin-left: 0px !important;border-top-width: 0px !important;border-right-width: 0px !important;border-bottom-width: -25px !important;border-left-width: 0px !important;padding-top: 0px !important;padding-right: 0px !important;padding-bottom: -25px !important;padding-left: 0px !important;background-color: #236016 !important;}&#8221;][vc_images_carousel images=&#8221;378,171,170,169,168&#8243; img_size=&#8221;full&#8221; autoplay=&#8221;yes&#8221; wrap=&#8221;yes&#8221; css_animation=&#8221;fadeInRightBig&#8221;][vc_column_text css_animation=&#8221;bounceInLeft&#8221; css=&#8221;.vc_custom_1575568037265{margin-bottom: 50px !important;border-bottom-width: 50px !important;padding-bottom: 50px !important;}&#8221;]<\/p>\n<h2 style=\"text-align: center;\"><span style=\"color: #ffffff;\">ESTAMOS AO SEU LADO, COM OS MELHORES PRE\u00c7OS DO MERCADO!<\/span><\/h2>\n<p style=\"text-align: center;\"><span style=\"color: #ffffff;\">A Casa do Campo tem responsabilidade social e est\u00e1 sempre pensando no meio ambiente, no bem esta de sua casa e sua empresa quando vende seus produtos de qualidade.<\/span><\/p>\n<p>[\/vc_column_text][\/vc_column][\/vc_row][vc_row css_animation=&#8221;bounceInRight&#8221;][vc_column][vc_text_separator title=&#8221;NOSSA LINHA DE PORODUTO&#8221; color=&#8221;green&#8221; border_width=&#8221;3&#8243;][\/vc_column][\/vc_row][vc_row css_animation=&#8221;bounceInRight&#8221;][vc_column width=&#8221;1\/4&#8243;][vc_single_image image=&#8221;196&#8243; alignment=&#8221;center&#8221; onclick=&#8221;custom_link&#8221; title=&#8221;Jardinagem&#8221; link=&#8221;http:\/\/casadocampo.com.br\/nova\/jardinagem\/&#8221;][\/vc_column][vc_column width=&#8221;1\/4&#8243;][vc_single_image image=&#8221;195&#8243; alignment=&#8221;center&#8221; onclick=&#8221;custom_link&#8221; title=&#8221;C\u00e3es e Gatos&#8221; link=&#8221;http:\/\/casadocampo.com.br\/nova\/caesegatos\/&#8221;][\/vc_column][vc_column width=&#8221;1\/4&#8243;][vc_single_image image=&#8221;194&#8243; alignment=&#8221;center&#8221; onclick=&#8221;custom_link&#8221; title=&#8221;Piscina&#8221; link=&#8221;http:\/\/casadocampo.com.br\/nova\/piscina\/&#8221;][\/vc_column][vc_column width=&#8221;1\/4&#8243;][vc_single_image image=&#8221;193&#8243; alignment=&#8221;center&#8221; onclick=&#8221;custom_link&#8221; title=&#8221;Pragas Urbanas&#8221; link=&#8221;http:\/\/casadocampo.com.br\/nova\/pragas-urbanas\/&#8221;][\/vc_column][\/vc_row][vc_row full_width=&#8221;stretch_row_content_no_spaces&#8221; css_animation=&#8221;bounceInLeft&#8221;][vc_column][vc_cta h2=&#8221;Atendimento Personalizado&#8221; h2_font_container=&#8221;color:%23ffffff&#8221; h2_use_theme_fonts=&#8221;yes&#8221; txt_align=&#8221;center&#8221; shape=&#8221;square&#8221; use_custom_fonts_h2=&#8221;true&#8221; css=&#8221;.vc_custom_1577753576078{background-color: #136010 !important;}&#8221;]<\/p>\n<h2><img loading=\"lazy\" class=\"wp-image-563 alignnone\" src=\"http:\/\/casadocampo.com.br\/nova\/wp-content\/uploads\/2019\/12\/whatsapp.png\" alt=\"\" width=\"29\" height=\"29\" srcset=\"http:\/\/casadocampo.com.br\/nova\/wp-content\/uploads\/2019\/12\/whatsapp.png 128w, http:\/\/casadocampo.com.br\/nova\/wp-content\/uploads\/2019\/12\/whatsapp-50x50.png 50w, http:\/\/casadocampo.com.br\/nova\/wp-content\/uploads\/2019\/12\/whatsapp-75x75.png 75w, http:\/\/casadocampo.com.br\/nova\/wp-content\/uploads\/2019\/12\/whatsapp-85x85.png 85w, http:\/\/casadocampo.com.br\/nova\/wp-content\/uploads\/2019\/12\/whatsapp-80x80.png 80w\" sizes=\"(max-width: 29px) 100vw, 29px\" \/>\u00a0 <span style=\"color: #ffffff;\">92 99118-5337<\/span><\/h2>\n<p>[\/vc_cta][\/vc_column][\/vc_row][vc_row content_placement=&#8221;middle&#8221; css_animation=&#8221;bounceInRight&#8221; css=&#8221;.vc_custom_1575568128591{border-radius: 5px !important;}&#8221; el_id=&#8221;sobre&#8221;][vc_column width=&#8221;1\/2&#8243;][vc_single_image image=&#8221;410&#8243; img_size=&#8221;large&#8221;][\/vc_column][vc_column width=&#8221;1\/2&#8243; css=&#8221;.vc_custom_1575560338394{background-color: #277214 !important;border-radius: 5px !important;}&#8221;][vc_column_text]<\/p>\n<h3><span style=\"color: #ffffff;\"><strong>SOBRE N\u00d3S<\/strong><\/span><\/h3>\n<p><span style=\"color: #ffffff;\">Fundada em agosto de 1981.<\/span><\/p>\n<p><span style=\"color: #ffffff;\">A Casa do Campo \u00e9 preparada para prestar o melhor atendimento, com seu time focado na orienta\u00e7\u00e3o de seus clientes a encontrarem os melhores custos benef\u00edcios para suas necessidades.<\/span><\/p>\n<p><span style=\"color: #ffffff;\">Conta com uma linha de produtos saneantes, equipamentos e assess\u00f3rios para o controle de pragas urbanas, ferramentas, materiais para piscina, c\u00e3es e gatos, hortas e jardinagem.<\/span><\/p>\n<p><span style=\"color: #ffffff;\">Al\u00e9m da orienta\u00e7\u00e3o que oferece, trabalha com marcas conceituadas: Syngenta, Rogama, Basf, Guarany, Bequisa, De Sangosse e Bayer.<\/span><\/p>\n<p><span style=\"color: #ffffff;\">A Casa do Campo proporciona treinamentos, cursos de aprimoramento e atualiza\u00e7\u00e3o de produtos e t\u00e9cnicas a seus clientes.<\/span>[\/vc_column_text][\/vc_column][\/vc_row][vc_row full_width=&#8221;stretch_row_content_no_spaces&#8221; css=&#8221;.vc_custom_1575560766317{background-image: url(http:\/\/casadocampo.com.br\/nova\/wp-content\/uploads\/2017\/02\/home_betheme_sectionbg3.jpg?id=90) !important;}&#8221;][vc_column][vc_column_text]<\/p>\n<h2 style=\"text-align: center;\"><span style=\"color: #ffffff;\">NOSSO BLOG<\/span><\/h2>\n<p>[\/vc_column_text][vc_basic_grid post_type=&#8221;post&#8221; max_items=&#8221;4&#8243; element_width=&#8221;3&#8243; item=&#8221;basicGrid_VerticalFlip&#8221; grid_id=&#8221;vc_gid:1689265355127-8650b50520672d75b743fbe832389a9e-10&#8243;][vc_btn title=&#8221;Veja todos&#8221; color=&#8221;success&#8221; size=&#8221;lg&#8221; align=&#8221;center&#8221; i_icon_fontawesome=&#8221;fa fa-plus&#8221; add_icon=&#8221;true&#8221; link=&#8221;url:http%3A%2F%2Fcasadocampo.com.br%2Fnova%2Fblog%2F|title:Veja%20Todos||&#8221;][\/vc_column][\/vc_row][vc_row full_width=&#8221;stretch_row_content_no_spaces&#8221; content_placement=&#8221;middle&#8221; css_animation=&#8221;fadeIn&#8221; css=&#8221;.vc_custom_1575568145506{background-color: #e9f9d3 !important;}&#8221;][vc_column css=&#8221;.vc_custom_1575561636584{margin-left: 100px !important;}&#8221;][vc_gallery type=&#8221;image_grid&#8221; images=&#8221;188,187,186,185,184,182,183,181,180,178,179,177&#8243; img_size=&#8221;280&#215;180&#8243;][vc_row_inner rtl_reverse=&#8221;yes&#8221; content_placement=&#8221;bottom&#8221; gap=&#8221;35&#8243; css=&#8221;.vc_custom_1575562747051{margin-bottom: -40px !important;margin-left: -100px !important;background-color: #136010 !important;}&#8221;][vc_column_inner][vc_column_text]<\/p>\n<p style=\"text-align: center;\"><span style=\"color: #ffffff;\">Casa do Campo<\/span><\/p>\n<p style=\"text-align: center;\"><span style=\"color: #ffffff;\">Av. Djalma Batista, 467 &#8211; S\u00e3o Geraldo<\/span><br \/>\n<span style=\"color: #ffffff;\">Manaus &#8211; Amazonas<\/span><br \/>\n<span style=\"color: #ffffff;\">Segunda a Sexta-feira | 08h \u00e0s 18h<\/span><br \/>\n<span style=\"color: #ffffff;\">S\u00e1bado | 08h \u00e0s 12h<\/span>[\/vc_column_text][\/vc_column_inner][\/vc_row_inner][vc_gmaps link=&#8221;#E-8_JTNDaWZyYW1lJTIwc3JjJTNEJTIyaHR0cHMlM0ElMkYlMkZ3d3cuZ29vZ2xlLmNvbSUyRm1hcHMlMkZlbWJlZCUzRnBiJTNEJTIxMW0xOCUyMTFtMTIlMjExbTMlMjExZDM5ODMuOTM2MDE4NTAwMzExJTIxMmQtNjAuMDI2MDU0Nzg0NzI1NjQlMjEzZC0zLjExMTYzMTA0MTIxOTc0MzclMjEybTMlMjExZjAlMjEyZjAlMjEzZjAlMjEzbTIlMjExaTEwMjQlMjEyaTc2OCUyMTRmMTMuMSUyMTNtMyUyMTFtMiUyMTFzMHg5MjZjMDU1NzhmN2RkMjc1JTI1M0EweDc3YjY3ZjVjNjkwNDJmMGQlMjEyc0F2LiUyNTIwRGphbG1hJTI1MjBCYXRpc3RhJTI1MkMlMjUyMDQ2NyUyNTIwLSUyNTIwTm9zc2ElMjUyMFNyYS4lMjUyMGRhcyUyNTIwR3JhY2FzJTI1MkMlMjUyME1hbmF1cyUyNTIwLSUyNTIwQU0lMjUyQyUyNTIwNjkwNTMtMzU1JTIxNWUwJTIxM20yJTIxMXNwdC1CUiUyMTJzYnIlMjE0djE1NzU1NjI1MzgzMzclMjE1bTIlMjExc3B0LUJSJTIxMnNiciUyMiUyMHdpZHRoJTNEJTIyNjAwJTIyJTIwaGVpZ2h0JTNEJTIyNDAwJTIyJTIwZnJhbWVib3JkZXIlM0QlMjIwJTIyJTIwc3R5bGUlM0QlMjJib3JkZXIlM0EwJTNCJTIyJTIwYWxsb3dmdWxsc2NyZWVuJTNEJTIyJTIyJTNFJTNDJTJGaWZyYW1lJTNF&#8221; css=&#8221;.vc_custom_1575562607831{margin-top: 0px !important;margin-right: 0px !important;margin-bottom: -35px !important;margin-left: -100px !important;}&#8221;][\/vc_column][\/vc_row][vc_row full_width=&#8221;stretch_row_content_no_spaces&#8221; css=&#8221;.vc_custom_1575562813668{background-color: #136010 !important;}&#8221;][vc_column][vc_column_text]<\/p>\n<h2 style=\"text-align: center;\"><a href=\"https:\/\/www.waze.com\/pt-BR\/livemap\/directions\/brasil\/amazonas\/casa-do-campo?navigate=yes&#038;place=ChIJPRCuP50abJIRgtXWhHQSF8I\" target=\"_blank\" rel=\"noopener noreferrer\"><span style=\"color: #ffffff;\">Dirigir at\u00e9 o local<\/span><\/a><\/h2>\n<p>[\/vc_column_text][\/vc_column][\/vc_row][vc_row full_width=&#8221;stretch_row_content&#8221; content_placement=&#8221;top&#8221; css=&#8221;.vc_custom_1575567331981{margin-right: 30px !important;margin-left: 30px !important;border-right-width: 50px !important;border-left-width: 50px !important;padding-right: 100px !important;padding-left: 100px !important;background-color: #ebebeb !important;}&#8221; el_id=&#8221;contato&#8221;][vc_column width=&#8221;1\/2&#8243;][vc_empty_space height=&#8221;20px&#8221;][vc_message message_box_color=&#8221;grey&#8221; icon_fontawesome=&#8221;fa fa-envelope-o&#8221;]Algo a dizer sobre n\u00f3s?<br \/>\ncasadocampo@casadocampo.com.br[\/vc_message][vc_message message_box_color=&#8221;grey&#8221; icon_fontawesome=&#8221;fa fa-comments-o&#8221;]Televendas<br \/>\n(92) 3304-9333[\/vc_message][vc_message message_box_color=&#8221;grey&#8221; icon_fontawesome=&#8221;fa fa-whatsapp&#8221;]Nosso WhatsApp<br \/>\n(92) 9 9118 5337[\/vc_message][\/vc_column][vc_column width=&#8221;1\/2&#8243;][vc_column_text]<\/p>\n<h5 style=\"text-align: center;\">Escreva-nos uma mensagem<\/h5>\n<p style=\"text-align: center;\">Se voc\u00ea tiver alguma d\u00favida, envie-nos uma mensagem. Responderemos dentro de 24 horas!<\/p>\n<p>[\/vc_column_text]<div role=\"form\" class=\"wpcf7\" id=\"wpcf7-f84-o1\" lang=\"en-US\" dir=\"ltr\">\n<div class=\"screen-reader-response\"><p role=\"status\" aria-live=\"polite\" aria-atomic=\"true\"><\/p> <ul><\/ul><\/div>\n<form action=\"\/nova\/wp-json\/wp\/v2\/pages\/92#wpcf7-f84-o1\" method=\"post\" class=\"wpcf7-form init\" novalidate=\"novalidate\" data-status=\"init\">\n<div style=\"display: none;\">\n<input type=\"hidden\" name=\"_wpcf7\" value=\"84\" \/>\n<input type=\"hidden\" name=\"_wpcf7_version\" value=\"5.3.2\" \/>\n<input type=\"hidden\" name=\"_wpcf7_locale\" value=\"en_US\" \/>\n<input type=\"hidden\" name=\"_wpcf7_unit_tag\" value=\"wpcf7-f84-o1\" \/>\n<input type=\"hidden\" name=\"_wpcf7_container_post\" value=\"0\" \/>\n<input type=\"hidden\" name=\"_wpcf7_posted_data_hash\" value=\"\" \/>\n<input type=\"hidden\" name=\"_wpcf7_recaptcha_response\" value=\"\" \/>\n<\/div>\n<div class=\"column one-second\"><span class=\"wpcf7-form-control-wrap your-name\"><input type=\"text\" name=\"your-name\" value=\"\" size=\"40\" class=\"wpcf7-form-control wpcf7-text wpcf7-validates-as-required\" aria-required=\"true\" aria-invalid=\"false\" placeholder=\"Seu nome\" \/><\/span> <\/div>\n<div class=\"column one-second\"><span class=\"wpcf7-form-control-wrap your-email\"><input type=\"email\" name=\"your-email\" value=\"\" size=\"40\" class=\"wpcf7-form-control wpcf7-text wpcf7-email wpcf7-validates-as-required wpcf7-validates-as-email\" aria-required=\"true\" aria-invalid=\"false\" placeholder=\"Seu email\" \/><\/span> <\/div>\n<div class=\"column one-second\"><span class=\"wpcf7-form-control-wrap tel-997\"><input type=\"tel\" name=\"tel-997\" value=\"\" size=\"40\" class=\"wpcf7-form-control wpcf7-text wpcf7-tel wpcf7-validates-as-tel\" aria-invalid=\"false\" placeholder=\"Seu telefone\" \/><\/span> <\/div>\n<div class=\"column one-second\"><span class=\"wpcf7-form-control-wrap your-subject\"><input type=\"text\" name=\"your-subject\" value=\"\" size=\"40\" class=\"wpcf7-form-control wpcf7-text\" aria-invalid=\"false\" placeholder=\"Assunto\" \/><\/span> <\/div>\n<div class=\"column one\"><span class=\"wpcf7-form-control-wrap your-message\"><textarea name=\"your-message\" cols=\"40\" rows=\"5\" class=\"wpcf7-form-control wpcf7-textarea\" aria-invalid=\"false\" placeholder=\"Mensagem\"><\/textarea><\/span><\/div>\n<div class=\"column one\"><input type=\"submit\" value=\"ENVIAR\" class=\"wpcf7-form-control wpcf7-submit button_full_width\" \/><\/div>\n<div class=\"wpcf7-response-output\" aria-hidden=\"true\"><\/div><\/form><\/div>[\/vc_column][\/vc_row]<\/p>\n","protected":false},"excerpt":{"rendered":"<p>[vc_row full_width=&#8221;stretch_row_content_no_spaces&#8221; full_height=&#8221;yes&#8221; columns_placement=&#8221;top&#8221; equal_height=&#8221;yes&#8221; content_placement=&#8221;bottom&#8221; css=&#8221;.vc_custom_1575498318516{margin-top: 0px !important;margin-right: 0px !important;margin-bottom: 0px !important;margin-left: 0px !important;border-top-width: 0px !important;border-right-width: 0px !important;border-bottom-width: 0px !important;border-left-width: 0px !important;padding-top: 0px !important;padding-right: 0px<span class=\"excerpt-hellip\"> [\u2026]<\/span><\/p>\n","protected":false},"author":1,"featured_media":0,"parent":0,"menu_order":0,"comment_status":"closed","ping_status":"open","template":"","meta":[],"yoast_head":"<!-- This site is optimized with the Yoast SEO plugin v15.6.2 - https:\/\/yoast.com\/wordpress\/plugins\/seo\/ -->\n<title>Home - Casa do Campo<\/title>\n<meta name=\"robots\" content=\"index, follow, max-snippet:-1, max-image-preview:large, max-video-preview:-1\" \/>\n<link rel=\"canonical\" href=\"http:\/\/casadocampo.com.br\/nova\/\" \/>\n<meta property=\"og:locale\" content=\"pt_BR\" \/>\n<meta property=\"og:type\" content=\"article\" \/>\n<meta property=\"og:title\" content=\"Home - Casa do Campo\" \/>\n<meta property=\"og:description\" content=\"[vc_row full_width=&#8221;stretch_row_content_no_spaces&#8221; full_height=&#8221;yes&#8221; columns_placement=&#8221;top&#8221; equal_height=&#8221;yes&#8221; content_placement=&#8221;bottom&#8221; css=&#8221;.vc_custom_1575498318516{margin-top: 0px !important;margin-right: 0px !important;margin-bottom: 0px !important;margin-left: 0px !important;border-top-width: 0px !important;border-right-width: 0px !important;border-bottom-width: 0px !important;border-left-width: 0px !important;padding-top: 0px !important;padding-right: 0px [\u2026]\" \/>\n<meta property=\"og:url\" content=\"http:\/\/casadocampo.com.br\/nova\/\" \/>\n<meta property=\"og:site_name\" content=\"Casa do Campo\" \/>\n<meta property=\"article:publisher\" content=\"https:\/\/www.facebook.com\/casadocampobrasil\/\" \/>\n<meta property=\"article:modified_time\" content=\"2023-07-13T16:25:04+00:00\" \/>\n<meta property=\"og:image\" content=\"http:\/\/casadocampo.com.br\/nova\/wp-content\/uploads\/2019\/12\/whatsapp.png\" \/>\n<meta name=\"twitter:card\" content=\"summary_large_image\" \/>\n<meta name=\"twitter:label1\" content=\"Est. reading time\">\n\t<meta name=\"twitter:data1\" content=\"5 minutos\">\n<script type=\"application\/ld+json\" class=\"yoast-schema-graph\">{\"@context\":\"https:\/\/schema.org\",\"@graph\":[{\"@type\":\"Organization\",\"@id\":\"http:\/\/casadocampo.com.br\/nova\/#organization\",\"name\":\"Casa do Campo\",\"url\":\"http:\/\/casadocampo.com.br\/nova\/\",\"sameAs\":[\"https:\/\/www.facebook.com\/casadocampobrasil\/\",\"https:\/\/www.instagram.com\/casadocampo_brasil\/\"],\"logo\":{\"@type\":\"ImageObject\",\"@id\":\"http:\/\/casadocampo.com.br\/nova\/#logo\",\"inLanguage\":\"pt-BR\",\"url\":\"http:\/\/casadocampo.com.br\/nova\/wp-content\/uploads\/2019\/03\/casa-do-campo-logo-v2-1.png\",\"width\":1381,\"height\":625,\"caption\":\"Casa do Campo\"},\"image\":{\"@id\":\"http:\/\/casadocampo.com.br\/nova\/#logo\"}},{\"@type\":\"WebSite\",\"@id\":\"http:\/\/casadocampo.com.br\/nova\/#website\",\"url\":\"http:\/\/casadocampo.com.br\/nova\/\",\"name\":\"Casa do Campo\",\"description\":\"Especializada em Produtos Agropecu\\u00e1rios\",\"publisher\":{\"@id\":\"http:\/\/casadocampo.com.br\/nova\/#organization\"},\"potentialAction\":[{\"@type\":\"SearchAction\",\"target\":\"http:\/\/casadocampo.com.br\/nova\/?s={search_term_string}\",\"query-input\":\"required name=search_term_string\"}],\"inLanguage\":\"pt-BR\"},{\"@type\":\"ImageObject\",\"@id\":\"http:\/\/casadocampo.com.br\/nova\/#primaryimage\",\"inLanguage\":\"pt-BR\",\"url\":\"http:\/\/casadocampo.com.br\/nova\/wp-content\/uploads\/2019\/12\/whatsapp.png\",\"width\":128,\"height\":128},{\"@type\":\"WebPage\",\"@id\":\"http:\/\/casadocampo.com.br\/nova\/#webpage\",\"url\":\"http:\/\/casadocampo.com.br\/nova\/\",\"name\":\"Home - Casa do Campo\",\"isPartOf\":{\"@id\":\"http:\/\/casadocampo.com.br\/nova\/#website\"},\"primaryImageOfPage\":{\"@id\":\"http:\/\/casadocampo.com.br\/nova\/#primaryimage\"},\"datePublished\":\"2017-02-01T13:13:46+00:00\",\"dateModified\":\"2023-07-13T16:25:04+00:00\",\"inLanguage\":\"pt-BR\",\"potentialAction\":[{\"@type\":\"ReadAction\",\"target\":[\"http:\/\/casadocampo.com.br\/nova\/\"]}]}]}<\/script>\n<!-- \/ Yoast SEO plugin. -->","_links":{"self":[{"href":"http:\/\/casadocampo.com.br\/nova\/wp-json\/wp\/v2\/pages\/92"}],"collection":[{"href":"http:\/\/casadocampo.com.br\/nova\/wp-json\/wp\/v2\/pages"}],"about":[{"href":"http:\/\/casadocampo.com.br\/nova\/wp-json\/wp\/v2\/types\/page"}],"author":[{"embeddable":true,"href":"http:\/\/casadocampo.com.br\/nova\/wp-json\/wp\/v2\/users\/1"}],"replies":[{"embeddable":true,"href":"http:\/\/casadocampo.com.br\/nova\/wp-json\/wp\/v2\/comments?post=92"}],"version-history":[{"count":95,"href":"http:\/\/casadocampo.com.br\/nova\/wp-json\/wp\/v2\/pages\/92\/revisions"}],"predecessor-version":[{"id":694,"href":"http:\/\/casadocampo.com.br\/nova\/wp-json\/wp\/v2\/pages\/92\/revisions\/694"}],"wp:attachment":[{"href":"http:\/\/casadocampo.com.br\/nova\/wp-json\/wp\/v2\/media?parent=92"}],"curies":[{"name":"wp","href":"https:\/\/api.w.org\/{rel}","templated":true}]}}